{"id":10279,"date":"2024-11-07T15:23:08","date_gmt":"2024-11-07T15:23:08","guid":{"rendered":"https:\/\/checklist.co.il\/?page_id=10279"},"modified":"2024-11-19T10:03:28","modified_gmt":"2024-11-19T10:03:28","slug":"about-us","status":"publish","type":"page","link":"https:\/\/checklist.co.il\/en\/about-us\/","title":{"rendered":"About us"},"content":{"rendered":"<div data-elementor-type=\"wp-page\" data-elementor-id=\"10279\" class=\"elementor elementor-10279\">\n\t\t\t\t\t\t<section class=\"elementor-section elementor-top-section elementor-element elementor-element-ac03a1f elementor-section-full_width elementor-section-stretched elementor-section-height-min-height elementor-section-items-top elementor-section-height-default\" data-id=\"ac03a1f\" data-element_type=\"section\" data-settings=\"{&quot;stretch_section&quot;:&quot;section-stretched&quot;}\">\n\t\t\t\t\t\t<div class=\"elementor-container elementor-column-gap-default\">\n\t\t\t\t\t<div class=\"elementor-column elementor-col-100 elementor-top-column elementor-element elementor-element-2c61b8a\" data-id=\"2c61b8a\" data-element_type=\"column\">\n\t\t\t<div class=\"elementor-widget-wrap elementor-element-populated\">\n\t\t\t\t\t\t<div class=\"elementor-element elementor-element-0ca7469 elementor-widget__width-initial elementor-invisible elementor-widget elementor-widget-prime-slider-general\" data-id=\"0ca7469\" data-element_type=\"widget\" data-settings=\"{&quot;_animation&quot;:&quot;fadeIn&quot;}\" data-widget_type=\"prime-slider-general.slide\">\n\t\t\t\t<div class=\"elementor-widget-container\">\n\t\t\t\t\t\t<div class=\"bdt-prime-slider\">\n\t\t\t\t<div class=\"bdt-prime-slider-skin-slide\">\n\n\t\t\t\t<div class=\"bdt-position-relative bdt-visible-toggle\" bdt-slideshow=\"{&quot;animation&quot;:&quot;fade&quot;,&quot;ratio&quot;:&quot;16:5&quot;,&quot;min-height&quot;:380,&quot;autoplay&quot;:true,&quot;autoplay-interval&quot;:7000,&quot;pause-on-hover&quot;:false,&quot;velocity&quot;:1,&quot;finite&quot;:false}\" data-settings=\"{&quot;id&quot;:&quot;#bdt-0ca7469&quot;,&quot;animation_status&quot;:&quot;no&quot;}\" id=\"bdt-0ca7469\">\n\n\t\t\t\t\t<ul class=\"bdt-slideshow-items\">\n\t\t                    \n            <li class=\"bdt-slideshow-item bdt-flex bdt-flex-middle bdt-flex-center elementor-repeater-item-ecf576a\">\n                \n                                            \n\t\t<div class=\"bdt-ps-slide-img\" style=\"background-image: url('https:\/\/checklist.co.il\/wp-content\/uploads\/2024\/11\/qui.jpg')\"><\/div>\n\n\t\t                    \n                \n                \n                \n        <div class=\"bdt-ps-content-wrapper bdt-position-z-index bdt-position-large\">\n            \n            <div class=\"bdt-slide-shape\" data-bdt-slideshow-parallax=\"Y: -100,0,100; opacity: 1,1,0\"><\/div>\n            <div class=\"bdt-prime-slider-wrapper\">\n                <div class=\"bdt-prime-slider-content\">\n                    <div class=\"bdt-prime-slider-desc\">\n\n                        \n                                                \n                    <\/div>\n                <\/div>\n            <\/div>\n\n        <\/div>\n\n        <div class=\"bdt-slide-featured bdt-flex\">\n            \n                        \n            <div class=\"bdt-prime-slider-arrow-button\" data-bdt-slideshow-parallax=\"x: 100,0,-50; opacity: 1,1,0\">\n               \n\t\t            <\/div>\n\n        <\/div>\n\n                    <\/li>\n\n                        \n                <\/ul>\n                    \n                    \n            \n                                        \n        \n                <\/div>\n            <\/div>\n        <\/div>\n        \t\t<\/div>\n\t\t\t\t<\/div>\n\t\t\t\t\t<\/div>\n\t\t<\/div>\n\t\t\t\t\t<\/div>\n\t\t<\/section>\n\t\t\t\t<section class=\"elementor-section elementor-top-section elementor-element elementor-element-b43c1f1 elementor-section-boxed elementor-section-height-default elementor-section-height-default\" data-id=\"b43c1f1\" data-element_type=\"section\">\n\t\t\t\t\t\t<div class=\"elementor-container elementor-column-gap-default\">\n\t\t\t\t\t<div class=\"elementor-column elementor-col-100 elementor-top-column elementor-element elementor-element-868afe2\" data-id=\"868afe2\" data-element_type=\"column\">\n\t\t\t<div class=\"elementor-widget-wrap elementor-element-populated\">\n\t\t\t\t\t\t<div class=\"elementor-element elementor-element-c22ed47 elementor-widget elementor-widget-heading\" data-id=\"c22ed47\" data-element_type=\"widget\" data-widget_type=\"heading.default\">\n\t\t\t\t<div class=\"elementor-widget-container\">\n\t\t\t<style>\/*! elementor - v3.21.0 - 08-05-2024 *\/\n.elementor-heading-title{padding:0;margin:0;line-height:1}.elementor-widget-heading .elementor-heading-title[class*=elementor-size-]>a{color:inherit;font-size:inherit;line-height:inherit}.elementor-widget-heading .elementor-heading-title.elementor-size-small{font-size:15px}.elementor-widget-heading .elementor-heading-title.elementor-size-medium{font-size:19px}.elementor-widget-heading .elementor-heading-title.elementor-size-large{font-size:29px}.elementor-widget-heading .elementor-heading-title.elementor-size-xl{font-size:39px}.elementor-widget-heading .elementor-heading-title.elementor-size-xxl{font-size:59px}<\/style><h1 class=\"elementor-heading-title elementor-size-default\">About us<\/h1>\t\t<\/div>\n\t\t\t\t<\/div>\n\t\t\t\t<div class=\"elementor-element elementor-element-07f5561 elementor-widget elementor-widget-qi_addons_for_elementor_animated_text\" data-id=\"07f5561\" data-element_type=\"widget\" data-widget_type=\"qi_addons_for_elementor_animated_text.default\">\n\t\t\t\t<div class=\"elementor-widget-container\">\n\t\t\t<div class=\"qodef-shortcode qodef-m  qodef-qi-animated-text  qodef--alignment-left qodef-qi--has-appear qodef--appear-fade\" >\n\t\t<h1 class=\"qodef-m-title\">\n\t\tWelcome to Check List, your real estate partner in Israel\t<\/h1>\n<\/div>\n\t\t<\/div>\n\t\t\t\t<\/div>\n\t\t\t\t\t<\/div>\n\t\t<\/div>\n\t\t\t\t\t<\/div>\n\t\t<\/section>\n\t\t\t\t<section class=\"elementor-section elementor-top-section elementor-element elementor-element-91dd7b1 elementor-section-boxed elementor-section-height-default elementor-section-height-default\" data-id=\"91dd7b1\" data-element_type=\"section\">\n\t\t\t\t\t\t<div class=\"elementor-container elementor-column-gap-default\">\n\t\t\t\t\t<div class=\"elementor-column elementor-col-100 elementor-top-column elementor-element elementor-element-66cb5b7\" data-id=\"66cb5b7\" data-element_type=\"column\">\n\t\t\t<div class=\"elementor-widget-wrap elementor-element-populated\">\n\t\t\t\t\t\t<div class=\"elementor-element elementor-element-d31743b animated-slow elementor-invisible elementor-widget elementor-widget-heading\" data-id=\"d31743b\" data-element_type=\"widget\" data-settings=\"{&quot;_animation&quot;:&quot;fadeInUp&quot;,&quot;_animation_delay&quot;:&quot;200&quot;}\" data-widget_type=\"heading.default\">\n\t\t\t\t<div class=\"elementor-widget-container\">\n\t\t\t<p class=\"elementor-heading-title elementor-size-default\">Founded in 2015, Check List is a dynamic and innovative real estate agency located in the heart of Israel. We specialize in the purchase, sale, rental, and management of real estate, offering comprehensive and personalized solutions to meet all your real estate needs.<\/p>\t\t<\/div>\n\t\t\t\t<\/div>\n\t\t<div class=\"elementor-element elementor-element-7a5d252 e-flex e-con-boxed e-con e-parent\" data-id=\"7a5d252\" data-element_type=\"container\">\n\t\t\t\t\t<div class=\"e-con-inner\">\n\t\t<div class=\"elementor-element elementor-element-8a4cc17 e-grid e-con-boxed e-con e-child\" data-id=\"8a4cc17\" data-element_type=\"container\">\n\t\t\t\t\t<div class=\"e-con-inner\">\n\t\t\t\t<div class=\"elementor-element elementor-element-cbf4d7f elementor-widget elementor-widget-qi_addons_for_elementor_parallax_images\" data-id=\"cbf4d7f\" data-element_type=\"widget\" data-widget_type=\"qi_addons_for_elementor_parallax_images.default\">\n\t\t\t\t<div class=\"elementor-widget-container\">\n\t\t\t<div class=\"qodef-shortcode qodef-m  qodef-qi-parallax-images qodef-layout--default\">\n\t<div class=\"qodef-m-images\">\n\t\t<div class=\"qodef-e-main-image-holder\">\n\t\t\t<div class=\"qodef-e-main-image-zoom-holder\">\n\t\t\t\t\t\t\t\t\t<div class=\"qodef-e-main-image\" >\n\t\t\t\t\t\t<img fetchpriority=\"high\" decoding=\"async\" width=\"550\" height=\"350\" src=\"https:\/\/checklist.co.il\/wp-content\/uploads\/2024\/11\/who-1.jpg\" class=\"attachment-full size-full\" alt=\"\" srcset=\"https:\/\/checklist.co.il\/wp-content\/uploads\/2024\/11\/who-1.jpg 550w, https:\/\/checklist.co.il\/wp-content\/uploads\/2024\/11\/who-1-300x191.jpg 300w, https:\/\/checklist.co.il\/wp-content\/uploads\/2024\/11\/who-1-18x12.jpg 18w\" sizes=\"(max-width: 550px) 100vw, 550px\" \/>\t\t\t\t\t<\/div>\n\t\t\t\t\t\t\t<\/div>\n\t\t<\/div>\n\t\t\t\t\t\t\t\t\t\t\t\t\t<div class=\"qodef-e-parallax-image qodef-position--bottom-left elementor-repeater-item-5731364\" >\n\t\t\t\t\t\t\t\t\t<\/div>\n\t\t\t\t\t\t<\/div>\n<\/div>\n\t\t<\/div>\n\t\t\t\t<\/div>\n\t\t\t\t<div class=\"elementor-element elementor-element-5eb5ed8 elementor-widget elementor-widget-text-editor\" data-id=\"5eb5ed8\" data-element_type=\"widget\" data-widget_type=\"text-editor.default\">\n\t\t\t\t<div class=\"elementor-widget-container\">\n\t\t\t<style>\/*! elementor - v3.21.0 - 08-05-2024 *\/\n.elementor-widget-text-editor.elementor-drop-cap-view-stacked .elementor-drop-cap{background-color:#69727d;color:#fff}.elementor-widget-text-editor.elementor-drop-cap-view-framed .elementor-drop-cap{color:#69727d;border:3px solid;background-color:transparent}.elementor-widget-text-editor:not(.elementor-drop-cap-view-default) .elementor-drop-cap{margin-top:8px}.elementor-widget-text-editor:not(.elementor-drop-cap-view-default) .elementor-drop-cap-letter{width:1em;height:1em}.elementor-widget-text-editor .elementor-drop-cap{float:left;text-align:center;line-height:1;font-size:50px}.elementor-widget-text-editor .elementor-drop-cap-letter{display:inline-block}<\/style>\t\t\t\t<h2><strong>Our mission<\/strong><\/h2>\n<span lang=\"en-IL\">Our mission <\/span><span lang=\"en-IL\">est<\/span><span lang=\"en-IL\"> partner <\/span><span lang=\"en-IL\">vous<\/span> <span lang=\"en-IL\">accompagner<\/span><span lang=\"en-IL\"> dans <\/span><span lang=\"en-IL\">chaque<\/span><span lang=\"en-IL\"> \u00e9tape de <\/span><span lang=\"en-IL\">your<\/span> <span lang=\"en-IL\">projet<\/span> <span lang=\"en-IL\">immobilier<\/span><span lang=\"en-IL\"> avec <\/span><span lang=\"en-IL\">professionnalisme<\/span><span lang=\"en-IL\">, <\/span><span lang=\"en-IL\">int\u00e9grit\u00e9<\/span><span lang=\"en-IL\"> et <\/span><span lang=\"en-IL\">une<\/span><span lang=\"en-IL\"> attention <\/span><span lang=\"en-IL\">personnalis\u00e9e<\/span><span lang=\"en-IL\">. Que <\/span><span lang=\"en-IL\">vous<\/span> <span lang=\"en-IL\">cherchiez<\/span><span lang=\"en-IL\"> \u00e0 <\/span><span lang=\"en-IL\">acheter<\/span> <span lang=\"en-IL\">l\u2019appartement<\/span> <span lang=\"en-IL\">ou<\/span><span lang=\"en-IL\"> la <\/span><span lang=\"en-IL\">maison<\/span><span lang=\"en-IL\"> partner <\/span><span lang=\"en-IL\">vos<\/span> <span lang=\"en-IL\">r\u00eaves<\/span><span lang=\"en-IL\">, \u00e0 <\/span><span lang=\"en-IL\">vendre<\/span> <span lang=\"en-IL\">your<\/span> <span lang=\"en-IL\">propri\u00e9t\u00e9<\/span> <span lang=\"en-IL\">ou<\/span><span lang=\"en-IL\"> \u00e0 <\/span><span lang=\"en-IL\">investir<\/span><span lang=\"en-IL\"> dans <\/span><span lang=\"en-IL\">l&rsquo;immobilier<\/span><span lang=\"en-IL\">, we <\/span><span lang=\"en-IL\">mettons<\/span><span lang=\"en-IL\"> tout <\/span><span lang=\"en-IL\">Israel<\/span> <span lang=\"en-IL\">\u0153uvre<\/span><span lang=\"en-IL\"> buying <\/span><span lang=\"en-IL\">garantir<\/span> <span lang=\"en-IL\">your<\/span><span lang=\"en-IL\"> satisfaction et <\/span><span lang=\"en-IL\">atteindre<\/span> <span lang=\"en-IL\">vos<\/span> <span lang=\"en-IL\">objectifs<\/span><span lang=\"en-IL\">.<\/span>\t\t\t\t\t\t<\/div>\n\t\t\t\t<\/div>\n\t\t\t\t<div class=\"elementor-element elementor-element-2c29364 elementor-widget elementor-widget-text-editor\" data-id=\"2c29364\" data-element_type=\"widget\" data-widget_type=\"text-editor.default\">\n\t\t\t\t<div class=\"elementor-widget-container\">\n\t\t\t\t\t\t\t<h2><strong>Our vision<\/strong><\/h2>\n<span lang=\"en-IL\">At <\/span><span lang=\"en-IL\">Check <\/span><span lang=\"en-IL\">List <\/span><span lang=\"en-IL\">,<\/span><span lang=\"en-IL\"> nous <\/span><span lang=\"en-IL\">aspirons<\/span><span lang=\"en-IL\"> \u00e0 <\/span><span lang=\"en-IL\">devenir<\/span><span lang=\"en-IL\"> la <\/span><span lang=\"en-IL\">r\u00e9f\u00e9rence<\/span> <span lang=\"en-IL\">Israel<\/span><span lang=\"en-IL\"> mati\u00e8re de services <\/span><span lang=\"en-IL\">in<\/span> <span lang=\"en-IL\">Israel<\/span><span lang=\"en-IL\"> Isra\u00ebl. Nous <\/span><span lang=\"en-IL\">nous<\/span> <span lang=\"en-IL\">engageons<\/span><span lang=\"en-IL\"> \u00e0 <\/span><span lang=\"en-IL\">offrir<\/span><span lang=\"en-IL\"> des solutions <\/span><span lang=\"en-IL\">fiables<\/span><span lang=\"en-IL\"> pour un <\/span><span lang=\"en-IL\">march\u00e9<\/span> <span lang=\"en-IL\">Israel<\/span> <span lang=\"en-IL\">constante<\/span> <span lang=\"en-IL\">\u00e9volution<\/span><span lang=\"en-IL\">. Notre <\/span><span lang=\"en-IL\">objectif<\/span> <span lang=\"en-IL\">est<\/span><span lang=\"en-IL\"> partner <\/span><span lang=\"en-IL\">cr\u00e9er<\/span><span lang=\"en-IL\"> des relations durables avec <\/span><span lang=\"en-IL\">nos<\/span><span lang=\"en-IL\"> clients, <\/span><span lang=\"en-IL\">bas\u00e9es<\/span><span lang=\"en-IL\"> sur la <\/span><span lang=\"en-IL\">for<\/span><span lang=\"en-IL\"> et la <\/span><span lang=\"en-IL\">transparence<\/span><span lang=\"en-IL\">.<\/span>\n\n<span lang=\"en-IL\">Votre<\/span><span lang=\"en-IL\"> satisfaction <\/span><span lang=\"en-IL\">est<\/span> <span lang=\"en-IL\">With our expertise and personalized service, we help you successfully realize your real estate projects.<\/span> <span lang=\"en-IL\">priorit\u00e9<\/span> <span lang=\"en-IL\">absolue<\/span><span lang=\"en-IL\">. Nous <\/span><span lang=\"en-IL\">nous<\/span> <span lang=\"en-IL\">effor\u00e7ons<\/span><span lang=\"en-IL\"> partner <\/span><span lang=\"en-IL\">d\u00e9passer<\/span> <span lang=\"en-IL\">vos<\/span> <span lang=\"en-IL\">attentes<\/span><span lang=\"en-IL\"> \u00e0 <\/span><span lang=\"en-IL\">chaque<\/span><span lang=\"en-IL\"> \u00e9tape du processus.<\/span>\t\t\t\t\t\t<\/div>\n\t\t\t\t<\/div>\n\t\t\t\t<div class=\"elementor-element elementor-element-85ff8de elementor-widget elementor-widget-qi_addons_for_elementor_parallax_images\" data-id=\"85ff8de\" data-element_type=\"widget\" data-widget_type=\"qi_addons_for_elementor_parallax_images.default\">\n\t\t\t\t<div class=\"elementor-widget-container\">\n\t\t\t<div class=\"qodef-shortcode qodef-m  qodef-qi-parallax-images qodef-layout--default\">\n\t<div class=\"qodef-m-images\">\n\t\t<div class=\"qodef-e-main-image-holder\">\n\t\t\t<div class=\"qodef-e-main-image-zoom-holder\">\n\t\t\t\t\t\t\t\t\t<div class=\"qodef-e-main-image\" >\n\t\t\t\t\t\t<img decoding=\"async\" width=\"550\" height=\"350\" src=\"https:\/\/checklist.co.il\/wp-content\/uploads\/2024\/11\/who2-1.jpg\" class=\"attachment-full size-full\" alt=\"\" srcset=\"https:\/\/checklist.co.il\/wp-content\/uploads\/2024\/11\/who2-1.jpg 550w, https:\/\/checklist.co.il\/wp-content\/uploads\/2024\/11\/who2-1-300x191.jpg 300w, https:\/\/checklist.co.il\/wp-content\/uploads\/2024\/11\/who2-1-18x12.jpg 18w\" sizes=\"(max-width: 550px) 100vw, 550px\" \/>\t\t\t\t\t<\/div>\n\t\t\t\t\t\t\t<\/div>\n\t\t<\/div>\n\t\t\t\t\t\t\t\t\t\t\t\t\t<div class=\"qodef-e-parallax-image qodef-position--bottom-left elementor-repeater-item-2a65030\" >\n\t\t\t\t\t\t\t\t\t<\/div>\n\t\t\t\t\t\t<\/div>\n<\/div>\n\t\t<\/div>\n\t\t\t\t<\/div>\n\t\t\t\t\t<\/div>\n\t\t\t\t<\/div>\n\t\t\t\t\t<\/div>\n\t\t\t\t<\/div>\n\t\t\t\t<div class=\"elementor-element elementor-element-59f4318 elementor-widget elementor-widget-heading\" data-id=\"59f4318\" data-element_type=\"widget\" data-widget_type=\"heading.default\">\n\t\t\t\t<div class=\"elementor-widget-container\">\n\t\t\t<h1 class=\"elementor-heading-title elementor-size-default\">Our team<\/h1>\t\t<\/div>\n\t\t\t\t<\/div>\n\t\t\t\t<div class=\"elementor-element elementor-element-068bd6b elementor-widget elementor-widget-text-editor\" data-id=\"068bd6b\" data-element_type=\"widget\" data-widget_type=\"text-editor.default\">\n\t\t\t\t<div class=\"elementor-widget-container\">\n\t\t\t\t\t\t\t<p class=\" translation-block\">Our team of experienced and passionate professionals is at your service to provide you with tailored support. Each of our real estate agents has in-depth knowledge of the local market and is dedicated to providing you with informed and personalized advice.<\/p>\t\t\t\t\t\t<\/div>\n\t\t\t\t<\/div>\n\t\t<div class=\"elementor-element elementor-element-77ed824 e-grid e-con-boxed e-con e-parent\" data-id=\"77ed824\" data-element_type=\"container\">\n\t\t\t\t\t<div class=\"e-con-inner\">\n\t\t\t\t<div class=\"elementor-element elementor-element-cfa605b elementor-widget elementor-widget-qi_addons_for_elementor_team_member\" data-id=\"cfa605b\" data-element_type=\"widget\" data-widget_type=\"qi_addons_for_elementor_team_member.default\">\n\t\t\t\t<div class=\"elementor-widget-container\">\n\t\t\t<div class=\"qodef-shortcode qodef-m  qodef-qi-team-member qodef-item-layout--info-below\">\n\t<div class=\"qodef-m-inner\">\n\t\t<div class=\"qodef-m-image\">\n\t\t\t\t<div class=\"qodef-m-media-image\">\n\t\t<img decoding=\"async\" width=\"1080\" height=\"1080\" src=\"https:\/\/checklist.co.il\/wp-content\/uploads\/2024\/10\/Photo-2.jpg\" class=\"attachment-full size-full\" alt=\"\" srcset=\"https:\/\/checklist.co.il\/wp-content\/uploads\/2024\/10\/Photo-2.jpg 1080w, https:\/\/checklist.co.il\/wp-content\/uploads\/2024\/10\/Photo-2-300x300.jpg 300w, https:\/\/checklist.co.il\/wp-content\/uploads\/2024\/10\/Photo-2-1024x1024.jpg 1024w, https:\/\/checklist.co.il\/wp-content\/uploads\/2024\/10\/Photo-2-150x150.jpg 150w, https:\/\/checklist.co.il\/wp-content\/uploads\/2024\/10\/Photo-2-768x768.jpg 768w, https:\/\/checklist.co.il\/wp-content\/uploads\/2024\/10\/Photo-2-550x550.jpg 550w, https:\/\/checklist.co.il\/wp-content\/uploads\/2024\/10\/Photo-2-1060x1060.jpg 1060w, https:\/\/checklist.co.il\/wp-content\/uploads\/2024\/10\/Photo-2-500x500.jpg 500w, https:\/\/checklist.co.il\/wp-content\/uploads\/2024\/10\/Photo-2-650x650.jpg 650w\" sizes=\"(max-width: 1080px) 100vw, 1080px\" \/>\t<\/div>\n\t\t<\/div>\n\t\t<div class=\"qodef-m-content\">\n\t\t\t\t<h4 itemprop=\"name\" class=\"qodef-m-title\">\n\t\tTalia Weitz\t<\/h4>\n\t\t\t\t\t<p class=\"qodef-m-role\">CEO<\/p>\n\t\t\t\t<div class=\"qodef-m-social-icons\">\n\t\t\t\t\t\t<span class=\"qodef-e-social-icon\">\n\t\t\t\t\t<svg aria-hidden=\"true\" class=\"e-font-icon-svg e-far-envelope\" viewbox=\"0 0 512 512\" xmlns=\"http:\/\/www.w3.org\/2000\/svg\"><path d=\"M464 64H48C21.49 64 0 85.49 0 112v288c0 26.51 21.49 48 48 48h416c26.51 0 48-21.49 48-48V112c0-26.51-21.49-48-48-48zm0 48v40.805c-22.422 18.259-58.168 46.651-134.587 106.49-16.841 13.247-50.201 45.072-73.413 44.701-23.208.375-56.579-31.459-73.413-44.701C106.18 199.465 70.425 171.067 48 152.805V112h416zM48 400V214.398c22.914 18.251 55.409 43.862 104.938 82.646 21.857 17.205 60.134 55.186 103.062 54.955 42.717.231 80.509-37.199 103.053-54.947 49.528-38.783 82.032-64.401 104.947-82.653V400H48z\"><\/path><\/svg>\t\t\t\t<\/span>\n\t\t\t\t\t<\/div>\n\t\t<\/div>\n\t<\/div>\n<\/div>\n\t\t<\/div>\n\t\t\t\t<\/div>\n\t\t\t\t\t<\/div>\n\t\t\t\t<\/div>\n\t\t\t\t\t<\/div>\n\t\t<\/div>\n\t\t\t\t\t<\/div>\n\t\t<\/section>\n\t\t\t\t<section class=\"elementor-section elementor-top-section elementor-element elementor-element-b04ae67 elementor-section-height-min-height elementor-section-stretched elementor-section-boxed elementor-section-height-default elementor-section-items-middle\" data-id=\"b04ae67\" data-element_type=\"section\" data-settings=\"{&quot;stretch_section&quot;:&quot;section-stretched&quot;,&quot;background_background&quot;:&quot;classic&quot;}\">\n\t\t\t\t\t\t\t<div class=\"elementor-background-overlay\"><\/div>\n\t\t\t\t\t\t\t<div class=\"elementor-container elementor-column-gap-default\">\n\t\t\t\t\t<div class=\"elementor-column elementor-col-100 elementor-top-column elementor-element elementor-element-99b871a\" data-id=\"99b871a\" data-element_type=\"column\">\n\t\t\t<div class=\"elementor-widget-wrap elementor-element-populated\">\n\t\t\t\t\t\t<div class=\"elementor-element elementor-element-5b0abee animated-slow elementor-invisible elementor-widget elementor-widget-qi_addons_for_elementor_typeout_text\" data-id=\"5b0abee\" data-element_type=\"widget\" data-settings=\"{&quot;_animation&quot;:&quot;fadeInUp&quot;}\" data-widget_type=\"qi_addons_for_elementor_typeout_text.default\">\n\t\t\t\t<div class=\"elementor-widget-container\">\n\t\t\t<div class=\"qodef-shortcode qodef-m  qodef-qi-typeout-text\" data-strings=\"[&quot;&quot;]\">\n\t<h1 class=\"qodef-m-text\">\n\t\t\t\t\tContact us\t\t\t\t<span class=\"qodef-typeout-holder\">\n\t\t\t<span class=\"qodef-typeout\"><\/span>\n\t\t<\/span>\n\t<\/h1>\n<\/div>\n\t\t<\/div>\n\t\t\t\t<\/div>\n\t\t\t\t<div class=\"elementor-element elementor-element-52d8d12 animated-slow elementor-invisible elementor-widget elementor-widget-qi_addons_for_elementor_typeout_text\" data-id=\"52d8d12\" data-element_type=\"widget\" data-settings=\"{&quot;_animation&quot;:&quot;fadeInUp&quot;}\" data-widget_type=\"qi_addons_for_elementor_typeout_text.default\">\n\t\t\t\t<div class=\"elementor-widget-container\">\n\t\t\t<div class=\"qodef-shortcode qodef-m  qodef-qi-typeout-text\" data-strings=\"[&quot;&quot;]\">\n\t<h2 class=\"qodef-m-text\">\n\t\t\t\t\tPour en savoir plus sur notre service de gestion locative \u00e0 long terme en Isra\u00ebl et d\u00e9couvrir comment nous pouvons vous aider \u00e0 maximiser les rendements de votre investissement immobilier, n'h\u00e9sitez pas \u00e0 nous contacter. Notre \u00e9quipe de sp\u00e9cialistes est l\u00e0 pour r\u00e9pondre \u00e0 toutes vos questions et vous guider tout au long du processus.\t\t\t\t<span class=\"qodef-typeout-holder\">\n\t\t\t<span class=\"qodef-typeout\"><\/span>\n\t\t<\/span>\n\t<\/h2>\n<\/div>\n\t\t<\/div>\n\t\t\t\t<\/div>\n\t\t\t\t<div class=\"elementor-element elementor-element-f3817df elementor-widget__width-auto animated-slow elementor-invisible elementor-widget elementor-widget-qi_addons_for_elementor_button\" data-id=\"f3817df\" data-element_type=\"widget\" data-settings=\"{&quot;_animation&quot;:&quot;fadeInUp&quot;,&quot;_animation_delay&quot;:&quot;200&quot;}\" data-widget_type=\"qi_addons_for_elementor_button.default\">\n\t\t\t\t<div class=\"elementor-widget-container\">\n\t\t\t<a class=\"qodef-shortcode qodef-m  qodef-qi-button qodef-html--link qodef-layout--outlined qodef-type--icon-boxed   qodef-icon--right qodef-hover--icon-move-horizontal-short   qodef-text-underline qodef-underline--left\" href=\"https:\/\/themes.pixelwars.org\/renovatio\/demo-01\/contact\/\" target=\"_self\">\n\t<span class=\"qodef-m-text\">This way<\/span>\n\t\t<span class=\"qodef-m-icon\">\n\t\t<span class=\"qodef-m-icon-inner\">\n\t\t\t<svg xmlns=\"http:\/\/www.w3.org\/2000\/svg\" x=\"0px\" y=\"0px\" width=\"7px\" height=\"7px\" viewbox=\"1.25 1.25 7 7\" xml:space=\"preserve\">  <polygon fill=\"#ffffff\" points=\"1.25,1.25 1.25,2.25 6.543,2.25 1.25,7.543 1.958,8.25 7.25,2.957 7.25,8.25 8.25,8.25 8.25,1.25 8.25,1.25 \"><\/polygon><\/svg>\t\t\t\t\t<\/span>\n\t<\/span>\n<\/a>\n\t\t<\/div>\n\t\t\t\t<\/div>\n\t\t\t\t\t<\/div>\n\t\t<\/div>\n\t\t\t\t\t<\/div>\n\t\t<\/section>\n\t\t\t\t<\/div>","protected":false},"excerpt":{"rendered":"<p>Qui sommes-nous ? Bienvenue chez Check List, votre partenaire immobilier en Isra\u00ebl Fond\u00e9e en 2015, Check List est une agence immobili\u00e8re dynamique et innovante situ\u00e9e au c\u0153ur d&rsquo;Isra\u00ebl. Nous sommes sp\u00e9cialis\u00e9s dans l&rsquo;achat, la vente, la location et la gestion de biens immobiliers, offrant des solutions compl\u00e8tes et personnalis\u00e9es pour r\u00e9pondre \u00e0 tous vos besoins immobiliers. Notre mission Notre mission est de vous accompagner dans&#8230; <\/p>\n<p class=\"more\"><a class=\"more-link\" href=\"https:\/\/checklist.co.il\/en\/about-us\/\">Read More<\/a><\/p>","protected":false},"author":1,"featured_media":0,"parent":0,"menu_order":0,"comment_status":"closed","ping_status":"closed","template":"elementor_header_footer","meta":{"inline_featured_image":false,"footnotes":""},"class_list":["post-10279","page","type-page","status-publish","hentry","is-cat-link-borders-light is-cat-link-rounded"],"_links":{"self":[{"href":"https:\/\/checklist.co.il\/en\/wp-json\/wp\/v2\/pages\/10279","targetHints":{"allow":["GET"]}}],"collection":[{"href":"https:\/\/checklist.co.il\/en\/wp-json\/wp\/v2\/pages"}],"about":[{"href":"https:\/\/checklist.co.il\/en\/wp-json\/wp\/v2\/types\/page"}],"author":[{"embeddable":true,"href":"https:\/\/checklist.co.il\/en\/wp-json\/wp\/v2\/users\/1"}],"replies":[{"embeddable":true,"href":"https:\/\/checklist.co.il\/en\/wp-json\/wp\/v2\/comments?post=10279"}],"version-history":[{"count":31,"href":"https:\/\/checklist.co.il\/en\/wp-json\/wp\/v2\/pages\/10279\/revisions"}],"predecessor-version":[{"id":10328,"href":"https:\/\/checklist.co.il\/en\/wp-json\/wp\/v2\/pages\/10279\/revisions\/10328"}],"wp:attachment":[{"href":"https:\/\/checklist.co.il\/en\/wp-json\/wp\/v2\/media?parent=10279"}],"curies":[{"name":"wp","href":"https:\/\/api.w.org\/{rel}","templated":true}]}}